{"id":100,"date":"2018-06-23T18:31:59","date_gmt":"2018-06-23T16:31:59","guid":{"rendered":"http:\/\/cercle-escrime-gardere.fr\/?page_id=100"},"modified":"2021-07-22T13:28:31","modified_gmt":"2021-07-22T11:28:31","slug":"nous-contacter","status":"publish","type":"page","link":"https:\/\/cercle-escrime-gardere.fr\/index.php\/nous-contacter\/","title":{"rendered":"Nous contacter"},"content":{"rendered":"<div class=\"text-center\">\n<p class=\"mb64\">N\u2019h\u00e9sitez pas \u00e0 nous contacter ou \u00e0 venir nous rencontrer aux heures de cours.<br \/>\nUne ou deux s\u00e9ances d&rsquo;essai sont offertes pour \u00eatre s\u00fbr de votre choix.<\/p>\n<\/div>\n<div class=\"row\">\n<div class=\"col-md-4\">\n<p class=\"mb0\"><strong>T\u00e9l\u00e9phone :<\/strong><\/p>\n<p class=\"mb32\"><a href=\"tel:06.80.64.97.45.\">06.80.64.97.45.<\/a><\/p>\n<p class=\"mb0\"><strong>Courriel :<\/strong><\/p>\n<p class=\"mb32\"><a href=\"mailto:info@cercle-escrime-gardere.fr\">info@cercle-escrime-gardere.fr<\/a><\/p>\n<p class=\"mb0\"><strong>Adresses :<\/strong><\/p>\n<p class=\"mb32\">Centre sportif L. Gaudin, Quai Saint Bernard Paris 5e<\/p>\n<p>Gymnase Bretonneau, 7 rue Bretonneau Paris 20e<\/p>\n<p><img loading=\"lazy\" decoding=\"async\" class=\"alignnone size-medium wp-image-97\" src=\"https:\/\/cercle-escrime-gardere.fr\/wp-content\/uploads\/2018\/06\/DSC_2528-300x255.jpg\" alt=\"\" width=\"300\" height=\"255\" srcset=\"https:\/\/cercle-escrime-gardere.fr\/wp-content\/uploads\/2018\/06\/DSC_2528-300x255.jpg 300w, https:\/\/cercle-escrime-gardere.fr\/wp-content\/uploads\/2018\/06\/DSC_2528-768x654.jpg 768w, https:\/\/cercle-escrime-gardere.fr\/wp-content\/uploads\/2018\/06\/DSC_2528-1024x871.jpg 1024w\" sizes=\"auto, (max-width: 300px) 100vw, 300px\" \/><\/p>\n<\/div>\n<\/div>\n","protected":false},"excerpt":{"rendered":"<p>N\u2019h\u00e9sitez pas \u00e0 nous contacter ou \u00e0 venir nous rencontrer aux heures de cours. Une ou deux s\u00e9ances d&rsquo;essai sont &hellip; <a href=\"https:\/\/cercle-escrime-gardere.fr\/index.php\/nous-contacter\/\" class=\"more-link\">Continue reading <span class=\"screen-reader-text\">Nous contacter<\/span><\/a><\/p>\n","protected":false},"author":1,"featured_media":98,"parent":0,"menu_order":0,"comment_status":"closed","ping_status":"closed","template":"","meta":{"jetpack_post_was_ever_published":false,"footnotes":""},"class_list":["post-100","page","type-page","status-publish","has-post-thumbnail","hentry"],"jetpack_sharing_enabled":true,"jetpack_shortlink":"https:\/\/wp.me\/Pa1o4v-1C","_links":{"self":[{"href":"https:\/\/cercle-escrime-gardere.fr\/index.php\/wp-json\/wp\/v2\/pages\/100","targetHints":{"allow":["GET"]}}],"collection":[{"href":"https:\/\/cercle-escrime-gardere.fr\/index.php\/wp-json\/wp\/v2\/pages"}],"about":[{"href":"https:\/\/cercle-escrime-gardere.fr\/index.php\/wp-json\/wp\/v2\/types\/page"}],"author":[{"embeddable":true,"href":"https:\/\/cercle-escrime-gardere.fr\/index.php\/wp-json\/wp\/v2\/users\/1"}],"replies":[{"embeddable":true,"href":"https:\/\/cercle-escrime-gardere.fr\/index.php\/wp-json\/wp\/v2\/comments?post=100"}],"version-history":[{"count":3,"href":"https:\/\/cercle-escrime-gardere.fr\/index.php\/wp-json\/wp\/v2\/pages\/100\/revisions"}],"predecessor-version":[{"id":140,"href":"https:\/\/cercle-escrime-gardere.fr\/index.php\/wp-json\/wp\/v2\/pages\/100\/revisions\/140"}],"wp:featuredmedia":[{"embeddable":true,"href":"https:\/\/cercle-escrime-gardere.fr\/index.php\/wp-json\/wp\/v2\/media\/98"}],"wp:attachment":[{"href":"https:\/\/cercle-escrime-gardere.fr\/index.php\/wp-json\/wp\/v2\/media?parent=100"}],"curies":[{"name":"wp","href":"https:\/\/api.w.org\/{rel}","templated":true}]}}