{"id":73,"date":"2018-06-21T12:19:18","date_gmt":"2018-06-21T10:19:18","guid":{"rendered":"http:\/\/cercle-escrime-gardere.fr\/?page_id=73"},"modified":"2022-07-27T12:58:05","modified_gmt":"2022-07-27T10:58:05","slug":"lescrime","status":"publish","type":"page","link":"https:\/\/cercle-escrime-gardere.fr\/index.php\/lescrime\/","title":{"rendered":"L&rsquo;Escrime"},"content":{"rendered":"\n<p><strong>Pourquoi pratiquer l\u2019escrime&nbsp;? <\/strong><\/p>\n\n\n\n<p>Un sport pour tous&nbsp;!<\/p>\n\n\n\n<p>Petits ou grands, gar\u00e7ons et filles, tout le monde peut pratiquer l\u2019escrime ensemble sans distinction de taille ou de poids, car l\u2019escrime n&rsquo;est pas bas\u00e9e sur la force, mais sur l\u2019habilet\u00e9.<br>L\u2019escrime est sans doute un des sports les plus complets, malheureusement trop m\u00e9connus pour tous les bienfaits qu\u2019il peut apporter.<\/p>\n\n\n\n<p>En effet, l\u2019escrime a de multiples vertus, elle d\u00e9veloppe la concentration, l\u2019agilit\u00e9 ou encore la vitesse. De plus, chaque s\u00e9ance permet de faire un entra\u00eenement complet de fa\u00e7on ludique. Qu\u2019il s\u2019agisse de gagner en endurance, en souplesse ou en coordination, l\u2019escrime n\u00e9cessite un travail physique complet.<br>Que ce soit pour une remise en forme ou pour faire de la comp\u00e9tition, chacun peut trouver son bonheur. Avec l\u2019escrime, le sport n\u2019est plus une souffrance.<\/p>\n\n\n\n<figure class=\"wp-block-image\"><img loading=\"lazy\" decoding=\"async\" width=\"300\" height=\"199\" src=\"https:\/\/cercle-escrime-gardere.fr\/wp-content\/uploads\/2018\/06\/DSC_3993-300x199.jpg\" alt=\"\" class=\"wp-image-67\" srcset=\"https:\/\/cercle-escrime-gardere.fr\/wp-content\/uploads\/2018\/06\/DSC_3993-300x199.jpg 300w, https:\/\/cercle-escrime-gardere.fr\/wp-content\/uploads\/2018\/06\/DSC_3993-768x510.jpg 768w, https:\/\/cercle-escrime-gardere.fr\/wp-content\/uploads\/2018\/06\/DSC_3993-1024x680.jpg 1024w\" sizes=\"auto, (max-width: 300px) 100vw, 300px\" \/><\/figure>\n\n\n\n<p><span style=\"color: #ffffff;\">Escrime Paris 5e ; Escrime d\u00e9butant ; Escrime Paris 20e ; Escrime Fleuret; Escrime Quai Saint Bernard Paris<\/span><\/p>\n","protected":false},"excerpt":{"rendered":"<p>Pourquoi pratiquer l\u2019escrime&nbsp;? Un sport pour tous&nbsp;! Petits ou grands, gar\u00e7ons et filles, tout le monde peut pratiquer l\u2019escrime ensemble &hellip; <a href=\"https:\/\/cercle-escrime-gardere.fr\/index.php\/lescrime\/\" class=\"more-link\">Continue reading <span class=\"screen-reader-text\">L&rsquo;Escrime<\/span><\/a><\/p>\n","protected":false},"author":1,"featured_media":0,"parent":0,"menu_order":0,"comment_status":"closed","ping_status":"closed","template":"","meta":{"footnotes":""},"class_list":["post-73","page","type-page","status-publish","hentry"],"jetpack_sharing_enabled":true,"jetpack_shortlink":"https:\/\/wp.me\/Pa1o4v-1b","_links":{"self":[{"href":"https:\/\/cercle-escrime-gardere.fr\/index.php\/wp-json\/wp\/v2\/pages\/73","targetHints":{"allow":["GET"]}}],"collection":[{"href":"https:\/\/cercle-escrime-gardere.fr\/index.php\/wp-json\/wp\/v2\/pages"}],"about":[{"href":"https:\/\/cercle-escrime-gardere.fr\/index.php\/wp-json\/wp\/v2\/types\/page"}],"author":[{"embeddable":true,"href":"https:\/\/cercle-escrime-gardere.fr\/index.php\/wp-json\/wp\/v2\/users\/1"}],"replies":[{"embeddable":true,"href":"https:\/\/cercle-escrime-gardere.fr\/index.php\/wp-json\/wp\/v2\/comments?post=73"}],"version-history":[{"count":4,"href":"https:\/\/cercle-escrime-gardere.fr\/index.php\/wp-json\/wp\/v2\/pages\/73\/revisions"}],"predecessor-version":[{"id":195,"href":"https:\/\/cercle-escrime-gardere.fr\/index.php\/wp-json\/wp\/v2\/pages\/73\/revisions\/195"}],"wp:attachment":[{"href":"https:\/\/cercle-escrime-gardere.fr\/index.php\/wp-json\/wp\/v2\/media?parent=73"}],"curies":[{"name":"wp","href":"https:\/\/api.w.org\/{rel}","templated":true}]}}