{"id":86,"date":"2018-06-21T21:31:39","date_gmt":"2018-06-21T19:31:39","guid":{"rendered":"http:\/\/cercle-escrime-gardere.fr\/?page_id=86"},"modified":"2025-08-02T18:56:00","modified_gmt":"2025-08-02T16:56:00","slug":"tarif","status":"publish","type":"page","link":"https:\/\/cercle-escrime-gardere.fr\/index.php\/tarif\/","title":{"rendered":"Tarifs"},"content":{"rendered":"<p><strong>SAISON 2025-2026<\/strong><\/p>\n<p><strong>TARIFS :<\/strong><br \/>ENFANTS : <strong>330 euros,<\/strong> licence FFE comprise<\/p>\n<p>ADULTES : <strong>380 euros,<\/strong> licence FFE comprise<\/p>\n<p>60 euros de droit d&rsquo;entr\u00e9e, uniquement \u00e0 la premi\u00e8re inscription.<\/p>\n<p>Possibilit\u00e9 de payer en trois fois<\/p>\n<p><strong>Mat\u00e9riel :<\/strong><br \/>Le club pr\u00eate le mat\u00e9riel dans la limite des stocks disponibles.<br \/>Depuis le COVID, il est obligatoire d&rsquo;avoir un gant personnel.<\/p>\n<p>Pour les d\u00e9butants, venir avec un pantalon de jogging et des chaussures de sport.<\/p>\n<p><span style=\"color: #ffffff;\">Escrime Paris 5eme Paris 20eme Fleuret Paris Ve arrondissement<\/span><\/p>\n<p><img loading=\"lazy\" decoding=\"async\" class=\"alignnone size-medium wp-image-16\" src=\"https:\/\/cercle-escrime-gardere.fr\/wp-content\/uploads\/2018\/06\/DSC_3925-300x169.jpg\" alt=\"\" width=\"300\" height=\"169\" srcset=\"https:\/\/cercle-escrime-gardere.fr\/wp-content\/uploads\/2018\/06\/DSC_3925-300x169.jpg 300w, https:\/\/cercle-escrime-gardere.fr\/wp-content\/uploads\/2018\/06\/DSC_3925-768x432.jpg 768w, https:\/\/cercle-escrime-gardere.fr\/wp-content\/uploads\/2018\/06\/DSC_3925-1024x576.jpg 1024w\" sizes=\"auto, (max-width: 300px) 100vw, 300px\" \/><\/p>\n\n\n<p><\/p>\n","protected":false},"excerpt":{"rendered":"<p>SAISON 2025-2026 TARIFS :ENFANTS : 330 euros, licence FFE comprise ADULTES : 380 euros, licence FFE comprise 60 euros de &hellip; <a href=\"https:\/\/cercle-escrime-gardere.fr\/index.php\/tarif\/\" class=\"more-link\">Continue reading <span class=\"screen-reader-text\">Tarifs<\/span><\/a><\/p>\n","protected":false},"author":1,"featured_media":0,"parent":0,"menu_order":0,"comment_status":"closed","ping_status":"closed","template":"","meta":{"jetpack_post_was_ever_published":false,"footnotes":""},"class_list":["post-86","page","type-page","status-publish","hentry"],"jetpack_sharing_enabled":true,"jetpack_shortlink":"https:\/\/wp.me\/Pa1o4v-1o","_links":{"self":[{"href":"https:\/\/cercle-escrime-gardere.fr\/index.php\/wp-json\/wp\/v2\/pages\/86","targetHints":{"allow":["GET"]}}],"collection":[{"href":"https:\/\/cercle-escrime-gardere.fr\/index.php\/wp-json\/wp\/v2\/pages"}],"about":[{"href":"https:\/\/cercle-escrime-gardere.fr\/index.php\/wp-json\/wp\/v2\/types\/page"}],"author":[{"embeddable":true,"href":"https:\/\/cercle-escrime-gardere.fr\/index.php\/wp-json\/wp\/v2\/users\/1"}],"replies":[{"embeddable":true,"href":"https:\/\/cercle-escrime-gardere.fr\/index.php\/wp-json\/wp\/v2\/comments?post=86"}],"version-history":[{"count":8,"href":"https:\/\/cercle-escrime-gardere.fr\/index.php\/wp-json\/wp\/v2\/pages\/86\/revisions"}],"predecessor-version":[{"id":254,"href":"https:\/\/cercle-escrime-gardere.fr\/index.php\/wp-json\/wp\/v2\/pages\/86\/revisions\/254"}],"wp:attachment":[{"href":"https:\/\/cercle-escrime-gardere.fr\/index.php\/wp-json\/wp\/v2\/media?parent=86"}],"curies":[{"name":"wp","href":"https:\/\/api.w.org\/{rel}","templated":true}]}}